{"id":4,"date":"2018-12-20T11:54:53","date_gmt":"2018-12-20T11:54:53","guid":{"rendered":"http:\/\/itfon.de\/?page_id=4"},"modified":"2019-01-23T10:24:23","modified_gmt":"2019-01-23T10:24:23","slug":"materialis","status":"publish","type":"page","link":"https:\/\/itfon.de\/","title":{"rendered":"Start"},"content":{"rendered":"<p>[et_pb_section fb_built=&#8220;1&#8243; _builder_version=&#8220;3.15&#8243; background_color=&#8220;#d4d4d4&#8243; custom_padding=&#8220;13px|0px|11px|0px|false|false&#8220;][et_pb_row _builder_version=&#8220;3.15&#8243;][et_pb_column type=&#8220;2_5&#8243; _builder_version=&#8220;3.15&#8243; parallax=&#8220;off&#8220; parallax_method=&#8220;on&#8220;][et_pb_image src=&#8220;http:\/\/itfon.de\/wp-content\/uploads\/2018\/12\/itfon-leistungen.png&#8220; _builder_version=&#8220;3.15&#8243;][\/et_pb_image][\/et_pb_column][et_pb_column type=&#8220;3_5&#8243; _builder_version=&#8220;3.15&#8243; parallax=&#8220;off&#8220; parallax_method=&#8220;on&#8220;][et_pb_text _builder_version=&#8220;3.15&#8243;]<\/p>\n<h1>Willkommen bei <strong><span style=\"color: #e09900;\">itFON<\/span><\/strong><\/h1>\n<p class=\"gelb\"><b>Wir sind eine unabh\u00e4ngige Agentur f\u00fcr Tele\u00adkommunikations\u00addienstleistungen.<\/b><\/p>\n<p>Als langj\u00e4hriger, inhabergef\u00fchrter Telekommunikations-L\u00f6sungsanbieter hat unser Team einmaliges Know-How aufgebaut, was Ihnen als unser Kunde bei einer Zusammenarbeit automatisch zugute kommt. Unsere Erfahrung aus zahlreichen Projekten und individuellen Beratungsgespr\u00e4chen nutzen wir, um die f\u00fcr Sie effektivste L\u00f6sung zu entwickeln, ohne dies kostspielig einzupreisen.\u00a0<\/p>\n<p>Kurze Wege durch die pers\u00f6nliche Bearbeitung Ihres Auftrages durch einen festen Ansprechpartner.\u00a0<\/p>\n<p><span style=\"font-size: 14px;\">Wir bieten spezielle Mobilfunk- und Kommunikationsl\u00f6sungen f\u00fcr kleine und mittelst\u00e4ndische Unternehmen an.<\/span><\/p>\n<p>[\/et_pb_text][\/et_pb_column][\/et_pb_row][\/et_pb_section][et_pb_section fb_built=&#8220;1&#8243; _builder_version=&#8220;3.15&#8243; background_color=&#8220;#d4d4d4&#8243; custom_padding=&#8220;9px|0px|0|0px|false|false&#8220;][et_pb_row use_custom_width=&#8220;on&#8220; custom_padding=&#8220;27px|0px|0|0px|false|false&#8220; _builder_version=&#8220;3.15&#8243;][et_pb_column type=&#8220;1_4&#8243; _builder_version=&#8220;3.15&#8243; parallax=&#8220;off&#8220; parallax_method=&#8220;on&#8220;][et_pb_image src=&#8220;http:\/\/itfon.de\/wp-content\/uploads\/2018\/12\/m-list.png&#8220; _builder_version=&#8220;3.15&#8243; max_width=&#8220;250px&#8220; module_alignment=&#8220;center&#8220;][\/et_pb_image][et_pb_text _builder_version=&#8220;3.15&#8243; text_font=&#8220;||||||||&#8220; background_color=&#8220;#ffbc41&#8243; border_radii=&#8220;|||10px|10px&#8220; max_width=&#8220;250px&#8220; module_alignment=&#8220;center&#8220; custom_margin=&#8220;-30px|||&#8220; custom_padding=&#8220;|||35px&#8220;]<\/p>\n<p><strong>Mobilfunk<\/strong><\/p>\n<ul>\n<li style=\"text-align: left;\">Sprachtarife<\/li>\n<li style=\"text-align: left;\">Datentarife<\/li>\n<li style=\"text-align: left;\">Auslandstarife<\/li>\n<li style=\"text-align: left;\">Rahmenvertr\u00e4ge<\/li>\n<li style=\"text-align: left;\">Hardware<\/li>\n<\/ul>\n<p>[\/et_pb_text][\/et_pb_column][et_pb_column type=&#8220;1_4&#8243; _builder_version=&#8220;3.15&#8243; parallax=&#8220;off&#8220; parallax_method=&#8220;on&#8220;][et_pb_image src=&#8220;http:\/\/itfon.de\/wp-content\/uploads\/2018\/12\/f-list.png&#8220; _builder_version=&#8220;3.15&#8243; max_width=&#8220;250px&#8220; module_alignment=&#8220;center&#8220;][\/et_pb_image][et_pb_text _builder_version=&#8220;3.15&#8243; text_font=&#8220;||||||||&#8220; background_color=&#8220;#ffbc41&#8243; border_radii=&#8220;|||10px|10px&#8220; max_width=&#8220;250px&#8220; module_alignment=&#8220;center&#8220; custom_margin=&#8220;-30px|||&#8220; custom_padding=&#8220;|||35px&#8220;]<\/p>\n<p><strong>Festnetz<\/strong><\/p>\n<ul>\n<li>SIP-Trunk<\/li>\n<li>IP-Anlagen Anschluss<\/li>\n<li>IP Telefonanlagen<\/li>\n<li>IP Telefone<\/li>\n<li>Konvergenz Mobilfunk<\/li>\n<\/ul>\n<p>[\/et_pb_text][\/et_pb_column][et_pb_column type=&#8220;1_4&#8243; _builder_version=&#8220;3.15&#8243; parallax=&#8220;off&#8220; parallax_method=&#8220;on&#8220;][et_pb_image src=&#8220;http:\/\/itfon.de\/wp-content\/uploads\/2018\/12\/d-list.png&#8220; _builder_version=&#8220;3.15&#8243; max_width=&#8220;250px&#8220; module_alignment=&#8220;center&#8220;][\/et_pb_image][et_pb_text _builder_version=&#8220;3.15&#8243; text_font=&#8220;||||||||&#8220; background_color=&#8220;#ffbc41&#8243; border_radii=&#8220;|||10px|10px&#8220; max_width=&#8220;250px&#8220; module_alignment=&#8220;center&#8220; custom_margin=&#8220;-30px|||&#8220; custom_padding=&#8220;|||35px&#8220;]<\/p>\n<p><strong>Datenleitungen<\/strong><\/p>\n<ul>\n<li>MPLS<\/li>\n<li>Symetrisch &amp; Asymetrisch<\/li>\n<li>RZ Anbindungen<\/li>\n<li>Standortvernetzung<\/li>\n<li>Backupleitungen<\/li>\n<\/ul>\n<p>[\/et_pb_text][\/et_pb_column][et_pb_column type=&#8220;1_4&#8243; _builder_version=&#8220;3.15&#8243; parallax=&#8220;off&#8220; parallax_method=&#8220;on&#8220;][et_pb_image src=&#8220;http:\/\/itfon.de\/wp-content\/uploads\/2018\/12\/s-list.png&#8220; _builder_version=&#8220;3.15&#8243; max_width=&#8220;250px&#8220; module_alignment=&#8220;center&#8220;][\/et_pb_image][et_pb_text _builder_version=&#8220;3.15&#8243; text_font=&#8220;||||||||&#8220; background_color=&#8220;#ffbc41&#8243; border_radii=&#8220;|||10px|10px&#8220; max_width=&#8220;250px&#8220; module_alignment=&#8220;center&#8220; custom_margin=&#8220;-30px|||&#8220; custom_padding=&#8220;|||35px&#8220;]<\/p>\n<p><strong>Service<\/strong><\/p>\n<ul>\n<li>Analyse<\/li>\n<li>Tarifoptimierung<\/li>\n<li>Tarifwechsel<\/li>\n<li>Vertragsverl\u00e4ngerungen<\/li>\n<li>Bandbreitenupgrade<\/li>\n<\/ul>\n<p>[\/et_pb_text][\/et_pb_column][\/et_pb_row][\/et_pb_section][et_pb_section fb_built=&#8220;1&#8243; background_color=&#8220;#d4d4d4&#8243; _builder_version=&#8220;3.15&#8243; custom_padding=&#8220;13px|0px|7px|0px|false|false&#8220;][et_pb_row _builder_version=&#8220;3.15&#8243;][et_pb_column type=&#8220;4_4&#8243; _builder_version=&#8220;3.15&#8243; parallax=&#8220;off&#8220; parallax_method=&#8220;on&#8220;][et_pb_cta parallax=&#8220;on&#8220; header_level=&#8220;h1&#8243; header_text_shadow_style=&#8220;preset2&#8243; border_radii=&#8220;on|15px|15px|15px|15px&#8220; box_shadow_style=&#8220;preset2&#8243; text_shadow_style=&#8220;preset2&#8243; text_shadow_color=&#8220;#e09900&#8243; title=&#8220;Internet&#8220; _builder_version=&#8220;3.15&#8243; body_font=&#8220;||||||||&#8220; body_font_size=&#8220;14px&#8220; background_image=&#8220;https:\/\/itfon.de\/wp-content\/uploads\/2019\/01\/kugel-its.png&#8220; header_font=&#8220;||||||||&#8220; header_text_color=&#8220;#e09900&#8243; header_font_size=&#8220;41px&#8220;]Als kleines oder mittelst\u00e4ndisches Unternehmen m\u00f6chten Sie Ihre bestehende Internetpr\u00e4senz auffrischen, ausbauen oder ben\u00f6tigen eine neue?<br \/>\nSprechen Sie uns an, unsere Webspezialisten helfen Ihnen gerne schnell und kosteng\u00fcnstig weiter.<br \/>\n[\/et_pb_cta][\/et_pb_column][\/et_pb_row][\/et_pb_section][et_pb_section fb_built=&#8220;1&#8243; _builder_version=&#8220;3.15&#8243; background_color=&#8220;#d4d4d4&#8243; custom_padding=&#8220;0|0px|0|0px|false|false&#8220;][et_pb_row _builder_version=&#8220;3.15&#8243;][et_pb_column type=&#8220;2_5&#8243; _builder_version=&#8220;3.15&#8243; parallax=&#8220;off&#8220; parallax_method=&#8220;on&#8220;][et_pb_text _builder_version=&#8220;3.15&#8243;]<\/p>\n<p><strong>Wir haben Ihr Interesse geweckt?<\/strong><\/p>\n<p>Dann nutzen Sie bitte neben stehendes Kontaktformular, wir setzen uns umgehend mit Ihnen in Verbindung.<\/p>\n<p>[\/et_pb_text][\/et_pb_column][et_pb_column type=&#8220;3_5&#8243; _builder_version=&#8220;3.15&#8243; parallax=&#8220;off&#8220; parallax_method=&#8220;on&#8220;][et_pb_contact_form email=&#8220;info@itfon.de&#8220; title=&#8220;Kontaktformular&#8220; custom_message=&#8220;itFon.de hat eine neue Nachricht von %%Name%% mit der E-Mailadresse %%Email%% versendet.||et_pb_line_break_holder||Inhalt der Nachricht:||et_pb_line_break_holder||%%Message%%&#8220; success_message=&#8220;Ihre Nachricht wurde versendet. &#8220; submit_button_text=&#8220;Absenden&#8220; form_background_color=&#8220;#d4d4d4&#8243; module_id=&#8220;et_pb_contact_form_0&#8243; _builder_version=&#8220;3.15&#8243; title_font=&#8220;||||||||&#8220; form_field_font=&#8220;||||||||&#8220; form_field_font_size=&#8220;14px&#8220; form_field_line_height=&#8220;1em&#8220; border_width_all=&#8220;1px&#8220; border_color_all=&#8220;#ffbc41&#8243; custom_button=&#8220;on&#8220; button_text_size=&#8220;14px&#8220; button_text_color=&#8220;#000000&#8243; button_bg_color=&#8220;#ffbc41&#8243; button_border_width=&#8220;0px&#8220; button_border_radius=&#8220;19px&#8220; button_font=&#8220;||||||||&#8220; button_icon=&#8220;%%40%%&#8220; box_shadow_style=&#8220;preset2&#8243; box_shadow_style_button=&#8220;preset2&#8243;][et_pb_contact_field field_id=&#8220;Name&#8220; field_title=&#8220;Name (Pflichtfeld)&#8220; _builder_version=&#8220;3.15&#8243; border_radii=&#8220;on||||&#8220;][\/et_pb_contact_field][et_pb_contact_field field_id=&#8220;Email&#8220; field_title=&#8220;E-Mail-Adresse (Pflichtfeld)&#8220; field_type=&#8220;email&#8220; _builder_version=&#8220;3.15&#8243; border_radii=&#8220;on||||&#8220;][\/et_pb_contact_field][et_pb_contact_field field_id=&#8220;Message&#8220; field_title=&#8220;Nachricht&#8220; field_type=&#8220;text&#8220; fullwidth_field=&#8220;on&#8220; _builder_version=&#8220;3.0.87&#8243; border_radii=&#8220;on||||&#8220;][\/et_pb_contact_field][\/et_pb_contact_form][\/et_pb_column][\/et_pb_row][\/et_pb_section]<\/p>\n","protected":false},"excerpt":{"rendered":"<p>[et_pb_section fb_built=&#8220;1&#8243; _builder_version=&#8220;3.15&#8243; background_color=&#8220;#d4d4d4&#8243; custom_padding=&#8220;13px|0px|11px|0px|false|false&#8220;][et_pb_row _builder_version=&#8220;3.15&#8243;][et_pb_column type=&#8220;2_5&#8243; _builder_version=&#8220;3.15&#8243; parallax=&#8220;off&#8220; parallax_method=&#8220;on&#8220;][et_pb_image src=&#8220;http:\/\/itfon.de\/wp-content\/uploads\/2018\/12\/itfon-leistungen.png&#8220; _builder_version=&#8220;3.15&#8243;][\/et_pb_image][\/et_pb_column][et_pb_column type=&#8220;3_5&#8243; _builder_version=&#8220;3.15&#8243; parallax=&#8220;off&#8220; parallax_method=&#8220;on&#8220;][et_pb_text _builder_version=&#8220;3.15&#8243;] Willkommen bei itFON Wir sind eine unabh\u00e4ngige Agentur f\u00fcr Tele\u00adkommunikations\u00addienstleistungen. Als langj\u00e4hriger, inhabergef\u00fchrter Telekommunikations-L\u00f6sungsanbieter hat unser Team einmaliges Know-How aufgebaut, was Ihnen als unser Kunde bei einer Zusammenarbeit automatisch zugute kommt. Unsere Erfahrung aus zahlreichen Projekten und individuellen [&hellip;]<\/p>\n","protected":false},"author":1,"featured_media":0,"parent":0,"menu_order":0,"comment_status":"closed","ping_status":"closed","template":"","meta":[],"_links":{"self":[{"href":"https:\/\/itfon.de\/index.php?rest_route=\/wp\/v2\/pages\/4"}],"collection":[{"href":"https:\/\/itfon.de\/index.php?rest_route=\/wp\/v2\/pages"}],"about":[{"href":"https:\/\/itfon.de\/index.php?rest_route=\/wp\/v2\/types\/page"}],"author":[{"embeddable":true,"href":"https:\/\/itfon.de\/index.php?rest_route=\/wp\/v2\/users\/1"}],"replies":[{"embeddable":true,"href":"https:\/\/itfon.de\/index.php?rest_route=%2Fwp%2Fv2%2Fcomments&post=4"}],"version-history":[{"count":33,"href":"https:\/\/itfon.de\/index.php?rest_route=\/wp\/v2\/pages\/4\/revisions"}],"predecessor-version":[{"id":134,"href":"https:\/\/itfon.de\/index.php?rest_route=\/wp\/v2\/pages\/4\/revisions\/134"}],"wp:attachment":[{"href":"https:\/\/itfon.de\/index.php?rest_route=%2Fwp%2Fv2%2Fmedia&parent=4"}],"curies":[{"name":"wp","href":"https:\/\/api.w.org\/{rel}","templated":true}]}}